{"id":9119,"date":"2025-09-03T12:38:42","date_gmt":"2025-09-03T10:38:42","guid":{"rendered":"https:\/\/afterwork-stuttgart.de\/produkt\/bowling-arena-stuttgart-sportpark-feuerbach\/"},"modified":"2025-09-03T12:38:42","modified_gmt":"2025-09-03T11:38:42","slug":"bowling-arena-stuttgart-sportpark-feuerbach","status":"publish","type":"product","link":"https:\/\/afterwork-stuttgart.de\/en\/produkt\/bowling-arena-stuttgart-sportpark-feuerbach\/","title":{"rendered":"Bowling Arena Stuttgart \/ Sportpark-Feuerbach"},"content":{"rendered":"<h2>Family-friendly bowling fun with a restaurant in Stuttgart-Feuerbach<\/h2>\n<p><strong>Bowling Arena Stuttgart \/ Sportpark-Feuerbach<\/strong> is ideal for family celebrations, get-togethers with friends, and corporate events in the <strong>Stuttgart<\/strong> area. Guests praise the good food and authentic dishes like chicken fingers made from real meat. The bowling alley offers fun and variety, even if the interior is a bit dated. Friendly staff ensure a pleasant time, although there is occasionally room for improvement regarding the time allowed on the lanes.   <\/p>\n","protected":false},"excerpt":{"rendered":"<p>Family-friendly bowling fun with a restaurant in Stuttgart-Feuerbach Bowling Arena Stuttgart \/ Sportpark-Feuerbach is ideal for family celebrations, get-togethers with friends, and corporate events in the Stuttgart area. Guests praise the good food and authentic dishes like chicken fingers made from real meat. The bowling alley offers fun and variety, even if the interior is [&hellip;]<\/p>\n","protected":false},"featured_media":0,"comment_status":"open","ping_status":"closed","template":"","meta":[],"product_brand":[],"product_cat":[],"product_tag":[],"class_list":{"0":"post-9119","1":"product","2":"type-product","3":"status-publish","6":"first","7":"instock","8":"downloadable","9":"virtual","10":"sold-individually","11":"taxable","12":"purchasable","13":"product-type-listing_booking"},"yoast_head":"<!-- This site is optimized with the Yoast SEO Premium plugin v27.3 (Yoast SEO v27.5) - https:\/\/yoast.com\/product\/yoast-seo-premium-wordpress\/ -->\n<title>Bowling Arena Stuttgart \/ Sportpark-Feuerbach &#8211; AFTERWORK Region Stuttgart<\/title>\n<meta name=\"robots\" content=\"index, follow, max-snippet:-1, max-image-preview:large, max-video-preview:-1\" \/>\n<link rel=\"canonical\" href=\"https:\/\/afterwork-stuttgart.de\/en\/produkt\/bowling-arena-stuttgart-sportpark-feuerbach\/\" \/>\n<meta property=\"og:locale\" content=\"en_US\" \/>\n<meta property=\"og:type\" content=\"article\" \/>\n<meta property=\"og:title\" content=\"Bowling Arena Stuttgart \/ Sportpark-Feuerbach\" \/>\n<meta property=\"og:description\" content=\"Family-friendly bowling fun with a restaurant in Stuttgart-Feuerbach Bowling Arena Stuttgart \/ Sportpark-Feuerbach is ideal for family celebrations, get-togethers with friends, and corporate events in the Stuttgart area. Guests praise the good food and authentic dishes like chicken fingers made from real meat. The bowling alley offers fun and variety, even if the interior is [&hellip;]\" \/>\n<meta property=\"og:url\" content=\"https:\/\/afterwork-stuttgart.de\/en\/produkt\/bowling-arena-stuttgart-sportpark-feuerbach\/\" \/>\n<meta property=\"og:site_name\" content=\"AFTERWORK Region Stuttgart\" \/>\n<meta property=\"article:publisher\" content=\"https:\/\/www.facebook.com\/AFTERWORKServices\" \/>\n<meta property=\"article:modified_time\" content=\"2025-09-03T11:38:42+00:00\" \/>\n<meta property=\"og:image\" content=\"https:\/\/afterwork-stuttgart.de\/wp-content\/uploads\/2025\/05\/stuttgart-scaled.jpeg\" \/>\n\t<meta property=\"og:image:width\" content=\"2560\" \/>\n\t<meta property=\"og:image:height\" content=\"1440\" \/>\n\t<meta property=\"og:image:type\" content=\"image\/jpeg\" \/>\n<meta name=\"twitter:card\" content=\"summary_large_image\" \/>\n<script type=\"application\/ld+json\" class=\"yoast-schema-graph\">{\"@context\":\"https:\\\/\\\/schema.org\",\"@graph\":[{\"@type\":\"WebPage\",\"@id\":\"https:\\\/\\\/afterwork-stuttgart.de\\\/en\\\/produkt\\\/bowling-arena-stuttgart-sportpark-feuerbach\\\/\",\"url\":\"https:\\\/\\\/afterwork-stuttgart.de\\\/en\\\/produkt\\\/bowling-arena-stuttgart-sportpark-feuerbach\\\/\",\"name\":\"Bowling Arena Stuttgart \\\/ Sportpark-Feuerbach &#8211; AFTERWORK Region Stuttgart\",\"isPartOf\":{\"@id\":\"https:\\\/\\\/afterwork-stuttgart.de\\\/en\\\/#website\"},\"datePublished\":\"2025-09-03T10:38:42+00:00\",\"dateModified\":\"2025-09-03T11:38:42+00:00\",\"breadcrumb\":{\"@id\":\"https:\\\/\\\/afterwork-stuttgart.de\\\/en\\\/produkt\\\/bowling-arena-stuttgart-sportpark-feuerbach\\\/#breadcrumb\"},\"inLanguage\":\"en-US\",\"potentialAction\":[{\"@type\":\"ReadAction\",\"target\":[\"https:\\\/\\\/afterwork-stuttgart.de\\\/en\\\/produkt\\\/bowling-arena-stuttgart-sportpark-feuerbach\\\/\"]}]},{\"@type\":\"BreadcrumbList\",\"@id\":\"https:\\\/\\\/afterwork-stuttgart.de\\\/en\\\/produkt\\\/bowling-arena-stuttgart-sportpark-feuerbach\\\/#breadcrumb\",\"itemListElement\":[{\"@type\":\"ListItem\",\"position\":1,\"name\":\"Startseite\",\"item\":\"https:\\\/\\\/afterwork-stuttgart.de\\\/en\\\/home\\\/\"},{\"@type\":\"ListItem\",\"position\":2,\"name\":\"Shop\",\"item\":\"https:\\\/\\\/afterwork-stuttgart.de\\\/en\\\/shop\\\/\"},{\"@type\":\"ListItem\",\"position\":3,\"name\":\"Bowling Arena Stuttgart \\\/ Sportpark-Feuerbach\"}]},{\"@type\":\"WebSite\",\"@id\":\"https:\\\/\\\/afterwork-stuttgart.de\\\/en\\\/#website\",\"url\":\"https:\\\/\\\/afterwork-stuttgart.de\\\/en\\\/\",\"name\":\"AFTERWORK Region Stuttgart\",\"description\":\"Die besten After-Work-Locations in Stuttgart: Exklusive Bars, Restaurants und Events f\u00fcr Gesch\u00e4ftsleute, Networker und Genie\u00dfer.\",\"publisher\":{\"@id\":\"https:\\\/\\\/afterwork-stuttgart.de\\\/en\\\/#organization\"},\"alternateName\":\"AFTERWORK Business\",\"potentialAction\":[{\"@type\":\"SearchAction\",\"target\":{\"@type\":\"EntryPoint\",\"urlTemplate\":\"https:\\\/\\\/afterwork-stuttgart.de\\\/en\\\/?s={search_term_string}\"},\"query-input\":{\"@type\":\"PropertyValueSpecification\",\"valueRequired\":true,\"valueName\":\"search_term_string\"}}],\"inLanguage\":\"en-US\"},{\"@type\":[\"Organization\",\"Place\"],\"@id\":\"https:\\\/\\\/afterwork-stuttgart.de\\\/en\\\/#organization\",\"name\":\"AFTERWORK Region Stuttgart\",\"alternateName\":\"AFTERWORK Business\",\"url\":\"https:\\\/\\\/afterwork-stuttgart.de\\\/en\\\/\",\"logo\":{\"@id\":\"https:\\\/\\\/afterwork-stuttgart.de\\\/en\\\/produkt\\\/bowling-arena-stuttgart-sportpark-feuerbach\\\/#local-main-organization-logo\"},\"image\":{\"@id\":\"https:\\\/\\\/afterwork-stuttgart.de\\\/en\\\/produkt\\\/bowling-arena-stuttgart-sportpark-feuerbach\\\/#local-main-organization-logo\"},\"sameAs\":[\"https:\\\/\\\/www.facebook.com\\\/AFTERWORKServices\",\"https:\\\/\\\/www.instagram.com\\\/afterwork_stuttgart\\\/\",\"https:\\\/\\\/www.tiktok.com\\\/@afterwork_stuttgart\",\"https:\\\/\\\/www.linkedin.com\\\/company\\\/97799861\\\/admin\\\/dashboard\\\/\"],\"description\":\"AFTERWORK ist seit 2020 die zentrale Plattform f\u00fcr sorgf\u00e4ltig ausgew\u00e4hlte Empfehlungen in der Region Stuttgart \u2013 speziell konzipiert f\u00fcr Gesch\u00e4ftsreisende, Messebesucher und Teilnehmer von Veranstaltungen. Ziel ist es, diesen G\u00e4sten die Freizeitgestaltung vor, w\u00e4hrend oder nach gesch\u00e4ftlichen Terminen so einfach und angenehm wie m\u00f6glich zu machen. Anstatt selbst lange recherchieren zu m\u00fcssen, finden Nutzer bei AFTERWORK schnell passende Adressen aus verschiedenen Lebensbereichen: Gastronomie, Hotellerie, Shopping, Wellness, Kultur und mehr.\",\"numberOfEmployees\":{\"@type\":\"QuantitativeValue\",\"minValue\":\"1\",\"maxValue\":\"10\"},\"telephone\":[],\"openingHoursSpecification\":[{\"@type\":\"OpeningHoursSpecification\",\"dayOfWeek\":[\"Monday\",\"Tuesday\",\"Wednesday\",\"Thursday\",\"Friday\",\"Saturday\",\"Sunday\"],\"opens\":\"09:00\",\"closes\":\"17:00\"}]},{\"@type\":\"ImageObject\",\"inLanguage\":\"en-US\",\"@id\":\"https:\\\/\\\/afterwork-stuttgart.de\\\/en\\\/produkt\\\/bowling-arena-stuttgart-sportpark-feuerbach\\\/#local-main-organization-logo\",\"url\":\"https:\\\/\\\/afterwork-stuttgart.de\\\/wp-content\\\/uploads\\\/2025\\\/05\\\/AFTERWORK_Interneticon.png\",\"contentUrl\":\"https:\\\/\\\/afterwork-stuttgart.de\\\/wp-content\\\/uploads\\\/2025\\\/05\\\/AFTERWORK_Interneticon.png\",\"width\":262,\"height\":297,\"caption\":\"AFTERWORK Region Stuttgart\"}]}<\/script>\n<!-- \/ Yoast SEO Premium plugin. -->","yoast_head_json":{"title":"Bowling Arena Stuttgart \/ Sportpark-Feuerbach &#8211; AFTERWORK Region Stuttgart","robots":{"index":"index","follow":"follow","max-snippet":"max-snippet:-1","max-image-preview":"max-image-preview:large","max-video-preview":"max-video-preview:-1"},"canonical":"https:\/\/afterwork-stuttgart.de\/en\/produkt\/bowling-arena-stuttgart-sportpark-feuerbach\/","og_locale":"en_US","og_type":"article","og_title":"Bowling Arena Stuttgart \/ Sportpark-Feuerbach","og_description":"Family-friendly bowling fun with a restaurant in Stuttgart-Feuerbach Bowling Arena Stuttgart \/ Sportpark-Feuerbach is ideal for family celebrations, get-togethers with friends, and corporate events in the Stuttgart area. Guests praise the good food and authentic dishes like chicken fingers made from real meat. The bowling alley offers fun and variety, even if the interior is [&hellip;]","og_url":"https:\/\/afterwork-stuttgart.de\/en\/produkt\/bowling-arena-stuttgart-sportpark-feuerbach\/","og_site_name":"AFTERWORK Region Stuttgart","article_publisher":"https:\/\/www.facebook.com\/AFTERWORKServices","article_modified_time":"2025-09-03T11:38:42+00:00","og_image":[{"width":2560,"height":1440,"url":"https:\/\/afterwork-stuttgart.de\/wp-content\/uploads\/2025\/05\/stuttgart-scaled.jpeg","type":"image\/jpeg"}],"twitter_card":"summary_large_image","schema":{"@context":"https:\/\/schema.org","@graph":[{"@type":"WebPage","@id":"https:\/\/afterwork-stuttgart.de\/en\/produkt\/bowling-arena-stuttgart-sportpark-feuerbach\/","url":"https:\/\/afterwork-stuttgart.de\/en\/produkt\/bowling-arena-stuttgart-sportpark-feuerbach\/","name":"Bowling Arena Stuttgart \/ Sportpark-Feuerbach &#8211; AFTERWORK Region Stuttgart","isPartOf":{"@id":"https:\/\/afterwork-stuttgart.de\/en\/#website"},"datePublished":"2025-09-03T10:38:42+00:00","dateModified":"2025-09-03T11:38:42+00:00","breadcrumb":{"@id":"https:\/\/afterwork-stuttgart.de\/en\/produkt\/bowling-arena-stuttgart-sportpark-feuerbach\/#breadcrumb"},"inLanguage":"en-US","potentialAction":[{"@type":"ReadAction","target":["https:\/\/afterwork-stuttgart.de\/en\/produkt\/bowling-arena-stuttgart-sportpark-feuerbach\/"]}]},{"@type":"BreadcrumbList","@id":"https:\/\/afterwork-stuttgart.de\/en\/produkt\/bowling-arena-stuttgart-sportpark-feuerbach\/#breadcrumb","itemListElement":[{"@type":"ListItem","position":1,"name":"Startseite","item":"https:\/\/afterwork-stuttgart.de\/en\/home\/"},{"@type":"ListItem","position":2,"name":"Shop","item":"https:\/\/afterwork-stuttgart.de\/en\/shop\/"},{"@type":"ListItem","position":3,"name":"Bowling Arena Stuttgart \/ Sportpark-Feuerbach"}]},{"@type":"WebSite","@id":"https:\/\/afterwork-stuttgart.de\/en\/#website","url":"https:\/\/afterwork-stuttgart.de\/en\/","name":"AFTERWORK Region Stuttgart","description":"Die besten After-Work-Locations in Stuttgart: Exklusive Bars, Restaurants und Events f\u00fcr Gesch\u00e4ftsleute, Networker und Genie\u00dfer.","publisher":{"@id":"https:\/\/afterwork-stuttgart.de\/en\/#organization"},"alternateName":"AFTERWORK Business","potentialAction":[{"@type":"SearchAction","target":{"@type":"EntryPoint","urlTemplate":"https:\/\/afterwork-stuttgart.de\/en\/?s={search_term_string}"},"query-input":{"@type":"PropertyValueSpecification","valueRequired":true,"valueName":"search_term_string"}}],"inLanguage":"en-US"},{"@type":["Organization","Place"],"@id":"https:\/\/afterwork-stuttgart.de\/en\/#organization","name":"AFTERWORK Region Stuttgart","alternateName":"AFTERWORK Business","url":"https:\/\/afterwork-stuttgart.de\/en\/","logo":{"@id":"https:\/\/afterwork-stuttgart.de\/en\/produkt\/bowling-arena-stuttgart-sportpark-feuerbach\/#local-main-organization-logo"},"image":{"@id":"https:\/\/afterwork-stuttgart.de\/en\/produkt\/bowling-arena-stuttgart-sportpark-feuerbach\/#local-main-organization-logo"},"sameAs":["https:\/\/www.facebook.com\/AFTERWORKServices","https:\/\/www.instagram.com\/afterwork_stuttgart\/","https:\/\/www.tiktok.com\/@afterwork_stuttgart","https:\/\/www.linkedin.com\/company\/97799861\/admin\/dashboard\/"],"description":"AFTERWORK ist seit 2020 die zentrale Plattform f\u00fcr sorgf\u00e4ltig ausgew\u00e4hlte Empfehlungen in der Region Stuttgart \u2013 speziell konzipiert f\u00fcr Gesch\u00e4ftsreisende, Messebesucher und Teilnehmer von Veranstaltungen. Ziel ist es, diesen G\u00e4sten die Freizeitgestaltung vor, w\u00e4hrend oder nach gesch\u00e4ftlichen Terminen so einfach und angenehm wie m\u00f6glich zu machen. Anstatt selbst lange recherchieren zu m\u00fcssen, finden Nutzer bei AFTERWORK schnell passende Adressen aus verschiedenen Lebensbereichen: Gastronomie, Hotellerie, Shopping, Wellness, Kultur und mehr.","numberOfEmployees":{"@type":"QuantitativeValue","minValue":"1","maxValue":"10"},"telephone":[],"openingHoursSpecification":[{"@type":"OpeningHoursSpecification","dayOfWeek":["Monday","Tuesday","Wednesday","Thursday","Friday","Saturday","Sunday"],"opens":"09:00","closes":"17:00"}]},{"@type":"ImageObject","inLanguage":"en-US","@id":"https:\/\/afterwork-stuttgart.de\/en\/produkt\/bowling-arena-stuttgart-sportpark-feuerbach\/#local-main-organization-logo","url":"https:\/\/afterwork-stuttgart.de\/wp-content\/uploads\/2025\/05\/AFTERWORK_Interneticon.png","contentUrl":"https:\/\/afterwork-stuttgart.de\/wp-content\/uploads\/2025\/05\/AFTERWORK_Interneticon.png","width":262,"height":297,"caption":"AFTERWORK Region Stuttgart"}]}},"_links":{"self":[{"href":"https:\/\/afterwork-stuttgart.de\/en\/wp-json\/wp\/v2\/product\/9119","targetHints":{"allow":["GET"]}}],"collection":[{"href":"https:\/\/afterwork-stuttgart.de\/en\/wp-json\/wp\/v2\/product"}],"about":[{"href":"https:\/\/afterwork-stuttgart.de\/en\/wp-json\/wp\/v2\/types\/product"}],"replies":[{"embeddable":true,"href":"https:\/\/afterwork-stuttgart.de\/en\/wp-json\/wp\/v2\/comments?post=9119"}],"wp:attachment":[{"href":"https:\/\/afterwork-stuttgart.de\/en\/wp-json\/wp\/v2\/media?parent=9119"}],"wp:term":[{"taxonomy":"product_brand","embeddable":true,"href":"https:\/\/afterwork-stuttgart.de\/en\/wp-json\/wp\/v2\/product_brand?post=9119"},{"taxonomy":"product_cat","embeddable":true,"href":"https:\/\/afterwork-stuttgart.de\/en\/wp-json\/wp\/v2\/product_cat?post=9119"},{"taxonomy":"product_tag","embeddable":true,"href":"https:\/\/afterwork-stuttgart.de\/en\/wp-json\/wp\/v2\/product_tag?post=9119"}],"curies":[{"name":"wp","href":"https:\/\/api.w.org\/{rel}","templated":true}]}}